{"id":28,"date":"2019-02-06T20:48:08","date_gmt":"2019-02-06T20:48:08","guid":{"rendered":"https:\/\/ascherl.co.at\/?page_id=28"},"modified":"2026-01-26T11:18:25","modified_gmt":"2026-01-26T11:18:25","slug":"ausbildungen","status":"publish","type":"page","link":"https:\/\/ascherl.co.at\/?page_id=28","title":{"rendered":"Ausbildungen"},"content":{"rendered":"\n<p class=\"has-medium-font-size\"><strong>Berufsausbildungen<\/strong><\/p>\n\n\n<div class=\"wp-block-image\">\n<figure class=\"alignright is-resized\"><img loading=\"lazy\" decoding=\"async\" width=\"156\" height=\"160\" src=\"https:\/\/ascherl.co.at\/wp-content\/uploads\/2019\/02\/Euring-Logo.jpg\" alt=\"\" class=\"wp-image-160\" style=\"width:101px;height:106px\"\/><\/figure>\n<\/div>\n\n\n<p style=\"font-size:18px\">2011 Zertifizierung zum <a href=\"https:\/\/ascherl.co.at\/wp-content\/uploads\/2019\/02\/2011-07-EUR-ING-Urkunde-Andreas-Ascherl.pdf\">Europaingenieur &#8211; EUR ING<\/a><\/p>\n\n\n\n<p style=\"font-size:18px\">1995 Diplomarbeit am <a href=\"https:\/\/www.steinbeis.de\/de\/verbund\/suche-im-steinbeis-verbund\/detail.html?tx_z7suprofiles_detail%5Bprofile%5D=173&amp;cHash=5e450d51f78e1ae7af6c0a339424443f\" target=\"_blank\" rel=\"noreferrer noopener\">Steinbeis-Transferzentrum Prozessautomatisierung in Weingarten<\/a> &#8211; &#8222;Realisierung eines Entwicklungssystems f\u00fcr CAN Applikationen auf der Basis des MC68332 Mikrocontrollers&#8220;<\/p>\n\n\n<div class=\"wp-block-image\">\n<figure class=\"alignright is-resized\"><img loading=\"lazy\" decoding=\"async\" width=\"1024\" height=\"399\" src=\"https:\/\/ascherl.co.at\/wp-content\/uploads\/2019\/02\/2000px-Hochschule_Weingarten.svg_-1024x399.png\" alt=\"\" class=\"wp-image-163\" style=\"width:260px;height:100px\" srcset=\"https:\/\/ascherl.co.at\/wp-content\/uploads\/2019\/02\/2000px-Hochschule_Weingarten.svg_-1024x399.png 1024w, https:\/\/ascherl.co.at\/wp-content\/uploads\/2019\/02\/2000px-Hochschule_Weingarten.svg_-300x117.png 300w, https:\/\/ascherl.co.at\/wp-content\/uploads\/2019\/02\/2000px-Hochschule_Weingarten.svg_-768x299.png 768w, https:\/\/ascherl.co.at\/wp-content\/uploads\/2019\/02\/2000px-Hochschule_Weingarten.svg_.png 2000w\" sizes=\"auto, (max-width: 1024px) 100vw, 1024px\" \/><\/figure>\n<\/div>\n\n\n<p style=\"font-size:18px\">1995 Abschluss des Studiums der Elektrotechnik mit dem Schwerpunkt Prozessautomatisierung an der <a href=\"https:\/\/www.rwu.de\/\" target=\"_blank\" rel=\"noreferrer noopener\">Hochschule Ravensburg-Weingarten<\/a> (Deutschland) zum Diplomingenieur f\u00fcr Elektrotechnik und Prozessautomatisierung<\/p>\n\n\n\n<p style=\"font-size:18px\">1991 Abschluss der <a href=\"http:\/\/www.htl-rankweil.at\/\" target=\"_blank\" rel=\"noreferrer noopener\">H\u00f6heren Technischen Bundes- Lehr und Versuchsanstalt f\u00fcr Elektronik &#8211; Ausbildungszweig Nachrichtentechnik in Rankweil<\/a> (\u00d6sterreich) zum Ingenieur f\u00fcr Elektronik und Nachrichtentechnik<\/p>\n\n\n\n<p class=\"has-medium-font-size\"><strong>Fachausbildungen&nbsp;und&nbsp;Weiterbildungen<\/strong><\/p>\n\n\n\n<p><\/p>\n\n\n\n<p style=\"font-size:18px\">2026 Zertifizierung <a href=\"https:\/\/ascherl.co.at\/wp-content\/uploads\/2026\/01\/2029_05_31_CSE_Zertifikat_Andreas_Ascherl.pdf\">Certified Supervisory Expert &#8211; CSE<\/a><\/p>\n\n\n\n<p style=\"font-size:18px\">2023 Zertifizierung <a href=\"https:\/\/www.incite.at\/de\/expertinnen-mit-zertifikat\/ascherl-andreas.html\" target=\"_blank\" rel=\"noreferrer noopener\">Certified Supervisory Expert &#8211; CSE<\/a><\/p>\n\n\n\n<p style=\"font-size:18px\">2022 EU Civil Protection &#8211; <a rel=\"noreferrer noopener\" href=\"https:\/\/ascherl.co.at\/wp-content\/uploads\/2022\/12\/2022_11_SME_Andreas-Ascherl.pdf\" data-type=\"URL\" data-id=\"https:\/\/ascherl.co.at\/wp-content\/uploads\/2022\/12\/2022_11_SME_Andreas-Ascherl.pdf\" target=\"_blank\">Seminar for Mechanism Experts (SME)<\/a><\/p>\n\n\n\n<p style=\"font-size:18px\">2018 Weiterbildung &#8211; <a href=\"https:\/\/ascherl.co.at\/wp-content\/uploads\/2019\/02\/2018_10_Gro\u00dfschadenslagen_im_Krankenhaus_Andreas_ASCHERL.pdf\">Gro\u00dfschadenslagen im Krankenhaus<\/a><\/p>\n\n\n\n<p style=\"font-size:18px\">2017 <a href=\"https:\/\/ascherl.co.at\/wp-content\/uploads\/2019\/02\/2017-11-26-NAEMT_AMLS-Ascherl.pdf\">AMLS Advanced Medical Life Support<\/a> bei NAEMT (National Association of Emergency Medical Technicians)<\/p>\n\n\n\n<p style=\"font-size:18px\">2013 Weiterbildung &#8211; Sicherheit bei Gro\u00dfveranstaltungen<\/p>\n\n\n\n<p style=\"font-size:18px\">2013 EU Civil Protection &#8211; <a href=\"https:\/\/ascherl.co.at\/wp-content\/uploads\/2019\/02\/2013-05-Ascherl-High-Level-Coordination-Refresher-Course-22-1.pdf\">HLC-R High Level Coordination Refresher Course<\/a> &#8211; Arnheim (Niederlande)<\/p>\n\n\n\n<p style=\"font-size:18px\">2012 <a href=\"https:\/\/ascherl.co.at\/wp-content\/uploads\/2019\/02\/2012-06-Ascherl-SKKM-1-Zertifikat.pdf\">Staatliches Krisen- und Katastrophenschutz Management &#8211; SKKM<\/a> an der Sicherheitsakademie des Bundesinnenministeriums<\/p>\n\n\n\n<p style=\"font-size:18px\">2010 Rechtskunde f\u00fcr Sachverst\u00e4ndige &#8211; Innsbruck (\u00d6sterreich)<\/p>\n\n\n\n<p style=\"font-size:18px\">2010 EU Civil Protection &#8211; <a href=\"https:\/\/ascherl.co.at\/wp-content\/uploads\/2019\/02\/2010-05-Ascherl-Andreas-SMC-Kursbest\u251c\u00f1tigung-02-07.05.2010.pdf\">SMC Staff Management Course<\/a> &#8211; (Schweden)<\/p>\n\n\n\n<p style=\"font-size:18px\">2010 EU Civil Protection &#8211; <a href=\"https:\/\/ascherl.co.at\/wp-content\/uploads\/2019\/02\/2009-11-Ascherl-Andreas-HLC-Kursbest\u251c\u00f1tigung-16-20.11.2009.pdf\">HLC High Level Coordination Course<\/a> &#8211; Pisa (Italien)<\/p>\n\n\n\n<p style=\"font-size:18px\">2009 EU Civil Protection &#8211; <a href=\"https:\/\/ascherl.co.at\/wp-content\/uploads\/2019\/02\/2009-06-Ascherl-Andreas-AMC-Kursbest\u251c\u00f1tigung-13-18.06.2009.pdf\">AMC Assessment Mission Course<\/a> &#8211; (Zypern)<\/p>\n\n\n\n<p style=\"font-size:18px\">2008 EU Civil Protection &#8211; <a href=\"https:\/\/ascherl.co.at\/wp-content\/uploads\/2019\/02\/2009-01-Ascherl-Andreas-OPM-Kursbest\u251c\u00f1tigung-10-16.01.2009.pdf\">OPM Operational Management Course<\/a> &#8211; Neuhausen (Deutschland)<\/p>\n\n\n\n<p style=\"font-size:18px\">2007 Ausbildung zum Fachkundigen f\u00fcr Exzenter- und Hydraulische Pressen<\/p>\n\n\n\n<p style=\"font-size:18px\">2007 EU Civil Protection &#8211; <a href=\"https:\/\/ascherl.co.at\/wp-content\/uploads\/2019\/02\/2007-09-Community-Mechanism-Induction-Course.pdf\">CMI Community Mechanism Induction Course<\/a> &#8211; Hamburg (Deutschland)<\/p>\n\n\n\n<p style=\"font-size:18px\">2006 Ausbildung zum Brandschutzbeauftragten<\/p>\n\n\n\n<p style=\"font-size:18px\">2005 Abschluss der <a href=\"https:\/\/ascherl.co.at\/wp-content\/uploads\/2019\/02\/2005-Offizierskurs-Zeugnis.pdf\">Offiziersausbildung &#8211; \u00d6sterreichisches Roten Kreuz<\/a> &#8211; Wien (\u00d6sterreich)<\/p>\n\n\n\n<p style=\"font-size:18px\">2004 Notfallkompetenz <a href=\"https:\/\/ascherl.co.at\/wp-content\/uploads\/2019\/02\/2004-NFS-Notfallkompetenz-Arzeimittellehre.pdf\">Arzneimittellehre (NKA)<\/a> sowie <a href=\"https:\/\/ascherl.co.at\/wp-content\/uploads\/2019\/02\/2004-NFS-Notfallkompetenz-Venenzugang-und-Infusion.pdf\">Venenzugang und Infusion (NKV)<\/a><\/p>\n\n\n\n<p style=\"font-size:18px\">2003 Ausbildung zum Fachkundigen f\u00fcr Pers\u00f6nliche Schutzausr\u00fcstung gegen Absturz<\/p>\n\n\n\n<p style=\"font-size:18px\">2000 Ausbildung zum EG-Gefahrengutbeauftragten<\/p>\n\n\n\n<p style=\"font-size:18px\">1999 Ausbildung zum <a href=\"https:\/\/ascherl.co.at\/wp-content\/uploads\/2019\/02\/1999-10-HEMS-Crew-Member-Lehrgang.pdf\">HEMS-Crew Member nach JAR OPS 3.005 (d) f\u00fcr Rettungshubschrauber<\/a><\/p>\n\n\n\n<p style=\"font-size:18px\">1999 Ausbildung zum Lehrsanit\u00e4ter (Lehrauftrag f\u00fcr das gesamte Sanit\u00e4ts- und Rettungswesen) <\/p>\n\n\n\n<p style=\"font-size:18px\">1997 Ausbildung zum <a href=\"https:\/\/ascherl.co.at\/wp-content\/uploads\/2019\/02\/2002-NFS-Berechtigung.pdf\">Notfallsanit\u00e4ter (NFS)<\/a><\/p>\n\n\n\n<p style=\"font-size:18px\">1996 Ausbildung zum <a href=\"https:\/\/ascherl.co.at\/wp-content\/uploads\/2019\/02\/1996-09-Teilnahmebest\u00e4tigung-L\u00e4rmbek\u00e4mpfung-Andreas-Ascherl.pdf\">Fachkundigen f\u00fcr L\u00e4rm und L\u00e4rmbek\u00e4mpfung<\/a><\/p>\n\n\n\n<p style=\"font-size:18px\">1996 Ausbildung zum Fachkundigen f\u00fcr Umweltmanagement und Bef\u00e4higung zur Durchf\u00fchrung von \u00d6ko-Audits<\/p>\n\n\n\n<p style=\"font-size:18px\">1996 Ausbildung zur <a href=\"https:\/\/ascherl.co.at\/wp-content\/uploads\/2019\/02\/1996-06-Zeugnis-Sicherheitsfachkraft-Andreas-Ascherl.pdf\">Fachkraft f\u00fcr Arbeitssicherheit<\/a><\/p>\n","protected":false},"excerpt":{"rendered":"<p>Berufsausbildungen 2011 Zertifizierung zum Europaingenieur &#8211; EUR ING 1995 Diplomarbeit am Steinbeis-Transferzentrum Prozessautomatisierung in Weingarten &#8211; &#8222;Realisierung eines Entwicklungssystems f\u00fcr CAN Applikationen auf der Basis des MC68332 Mikrocontrollers&#8220; 1995 Abschluss des Studiums der Elektrotechnik mit dem Schwerpunkt Prozessautomatisierung an der&#8230; <\/p>\n","protected":false},"author":1,"featured_media":0,"parent":0,"menu_order":0,"comment_status":"closed","ping_status":"closed","template":"","meta":{"footnotes":""},"class_list":["post-28","page","type-page","status-publish","hentry"],"_links":{"self":[{"href":"https:\/\/ascherl.co.at\/index.php?rest_route=\/wp\/v2\/pages\/28","targetHints":{"allow":["GET"]}}],"collection":[{"href":"https:\/\/ascherl.co.at\/index.php?rest_route=\/wp\/v2\/pages"}],"about":[{"href":"https:\/\/ascherl.co.at\/index.php?rest_route=\/wp\/v2\/types\/page"}],"author":[{"embeddable":true,"href":"https:\/\/ascherl.co.at\/index.php?rest_route=\/wp\/v2\/users\/1"}],"replies":[{"embeddable":true,"href":"https:\/\/ascherl.co.at\/index.php?rest_route=%2Fwp%2Fv2%2Fcomments&post=28"}],"version-history":[{"count":67,"href":"https:\/\/ascherl.co.at\/index.php?rest_route=\/wp\/v2\/pages\/28\/revisions"}],"predecessor-version":[{"id":320,"href":"https:\/\/ascherl.co.at\/index.php?rest_route=\/wp\/v2\/pages\/28\/revisions\/320"}],"wp:attachment":[{"href":"https:\/\/ascherl.co.at\/index.php?rest_route=%2Fwp%2Fv2%2Fmedia&parent=28"}],"curies":[{"name":"wp","href":"https:\/\/api.w.org\/{rel}","templated":true}]}}